{"id":56,"date":"2023-09-13T22:19:04","date_gmt":"2023-09-13T22:19:04","guid":{"rendered":"https:\/\/musettehenryk.de\/?page_id=56"},"modified":"2023-09-14T14:55:31","modified_gmt":"2023-09-14T14:55:31","slug":"datenschutz","status":"publish","type":"page","link":"https:\/\/musettehenryk.de\/index.php\/datenschutz\/","title":{"rendered":"Datenschutz"},"content":{"rendered":"\n<h3>Erhobene Daten<\/h3>\n\n\n\n<p>Ihre Kontaktdaten werden erhoben, sobald Sie eine Anfrage an den K\u00fcnstler senden. Insofern vereinbart k\u00f6nnen auch Daten bez\u00fcglich des Zahlungsmittels erhoben werden (IBAN, Paypal Nutzername, etc.)<\/p>\n\n\n\n<h3>Zweck der Datenerhebung<\/h3>\n\n\n\n<p>Die Daten werden erhoben, damit R\u00fcckfragen m\u00f6glich sind und ggF. Rechnungen ausgestellt und Zahlungen angefordert werden k\u00f6nnen. Ebenfalls werden die Daten f\u00fcr steuerliche Nachweise aufbewahrt.<\/p>\n\n\n\n<h3>Speicherfrist<\/h3>\n\n\n\n<p>Die Daten werden gem\u00e4\u00df den gesetzlichen, steuerlichen Vorgaben nach 10 Jahren gel\u00f6scht.<\/p>\n\n\n\n<h3>Wiederruf und Auskunftsrecht<\/h3>\n\n\n\n<p>Insofern keine Rechnungen ausstehen, ist ein Widerruf jederzeit m\u00f6glich. Sie k\u00f6nnen die L\u00f6schung der Daten jederzeit beim <a href=\"https:\/\/musettehenryk.de\/index.php\/impressum\/\" data-type=\"page\" data-id=\"54\">Inhaber dieser Seite<\/a> beantragen.<\/p>\n\n\n\n<p>Ebenfalls k\u00f6nnen Sie beim <a href=\"https:\/\/musettehenryk.de\/index.php\/impressum\/\">Inhaber dieser Seite<\/a> eine Auskunft der Daten anfragen, die ihnen dann per E-Mail zugesendet wird.<\/p>\n\n\n\n<h3>Weitergabe an Dritte<\/h3>\n\n\n\n<p>Ohne die Zustimmung der betreffenden Personen findet keinerlei Weitergabe von Daten an Dritte statt.<\/p>\n","protected":false},"excerpt":{"rendered":"<p>Erhobene Daten Ihre Kontaktdaten werden erhoben, sobald Sie eine Anfrage an den K\u00fcnstler senden. Insofern vereinbart k\u00f6nnen auch Daten bez\u00fcglich des Zahlungsmittels erhoben werden (IBAN, Paypal Nutzername, etc.) Zweck der Datenerhebung Die Daten werden erhoben, damit R\u00fcckfragen m\u00f6glich sind und ggF. Rechnungen ausgestellt und Zahlungen angefordert werden k\u00f6nnen. Ebenfalls werden die Daten f\u00fcr steuerliche Nachweise [&hellip;]<\/p>\n","protected":false},"author":1,"featured_media":0,"parent":0,"menu_order":0,"comment_status":"closed","ping_status":"closed","template":"","meta":[],"_links":{"self":[{"href":"https:\/\/musettehenryk.de\/index.php\/wp-json\/wp\/v2\/pages\/56"}],"collection":[{"href":"https:\/\/musettehenryk.de\/index.php\/wp-json\/wp\/v2\/pages"}],"about":[{"href":"https:\/\/musettehenryk.de\/index.php\/wp-json\/wp\/v2\/types\/page"}],"author":[{"embeddable":true,"href":"https:\/\/musettehenryk.de\/index.php\/wp-json\/wp\/v2\/users\/1"}],"replies":[{"embeddable":true,"href":"https:\/\/musettehenryk.de\/index.php\/wp-json\/wp\/v2\/comments?post=56"}],"version-history":[{"count":4,"href":"https:\/\/musettehenryk.de\/index.php\/wp-json\/wp\/v2\/pages\/56\/revisions"}],"predecessor-version":[{"id":95,"href":"https:\/\/musettehenryk.de\/index.php\/wp-json\/wp\/v2\/pages\/56\/revisions\/95"}],"wp:attachment":[{"href":"https:\/\/musettehenryk.de\/index.php\/wp-json\/wp\/v2\/media?parent=56"}],"curies":[{"name":"wp","href":"https:\/\/api.w.org\/{rel}","templated":true}]}}